{"id":14,"date":"2026-03-05T18:03:31","date_gmt":"2026-03-05T18:03:31","guid":{"rendered":"https:\/\/lavender-goose-337645.hostingersite.com\/?page_id=14"},"modified":"2026-03-21T23:20:13","modified_gmt":"2026-03-21T23:20:13","slug":"sobre-nosotros","status":"publish","type":"page","link":"https:\/\/northernlightsheladeria.es\/en\/sobre-nosotros\/","title":{"rendered":"About Us"},"content":{"rendered":"\n<div class=\"wp-block-cover\" style=\"min-height:1000px;aspect-ratio:unset;\"><img loading=\"lazy\" decoding=\"async\" width=\"1536\" height=\"1024\" class=\"wp-block-cover__image-background wp-image-663 size-full\" alt=\"\" src=\"https:\/\/northernlightsheladeria.es\/wp-content\/uploads\/2026\/03\/ChatGPT-Image-8-mar-2026-03_01_57.png\" data-object-fit=\"cover\" srcset=\"https:\/\/northernlightsheladeria.es\/wp-content\/uploads\/2026\/03\/ChatGPT-Image-8-mar-2026-03_01_57.png 1536w, https:\/\/northernlightsheladeria.es\/wp-content\/uploads\/2026\/03\/ChatGPT-Image-8-mar-2026-03_01_57-300x200.png 300w, https:\/\/northernlightsheladeria.es\/wp-content\/uploads\/2026\/03\/ChatGPT-Image-8-mar-2026-03_01_57-1024x683.png 1024w, https:\/\/northernlightsheladeria.es\/wp-content\/uploads\/2026\/03\/ChatGPT-Image-8-mar-2026-03_01_57-768x512.png 768w, https:\/\/northernlightsheladeria.es\/wp-content\/uploads\/2026\/03\/ChatGPT-Image-8-mar-2026-03_01_57-18x12.png 18w\" sizes=\"auto, (max-width: 1536px) 100vw, 1536px\" \/><span aria-hidden=\"true\" class=\"wp-block-cover__background has-background-dim-0 has-background-dim\"><\/span><div class=\"wp-block-cover__inner-container is-layout-constrained wp-block-cover-is-layout-constrained\"><style>.wp-block-kadence-advancedheading.kt-adv-heading14_1454a1-70, .wp-block-kadence-advancedheading.kt-adv-heading14_1454a1-70[data-kb-block=\"kb-adv-heading14_1454a1-70\"]{text-align:center;font-size:var(--global-kb-font-size-xl, 3rem);font-weight:400;font-style:normal;font-family:'Titan One';color:#4ca886;}.wp-block-kadence-advancedheading.kt-adv-heading14_1454a1-70 mark.kt-highlight, .wp-block-kadence-advancedheading.kt-adv-heading14_1454a1-70[data-kb-block=\"kb-adv-heading14_1454a1-70\"] mark.kt-highlight{font-style:normal;color:#f76a0c;-webkit-box-decoration-break:clone;box-decoration-break:clone;padding-top:0px;padding-right:0px;padding-bottom:0px;padding-left:0px;}.wp-block-kadence-advancedheading.kt-adv-heading14_1454a1-70 img.kb-inline-image, .wp-block-kadence-advancedheading.kt-adv-heading14_1454a1-70[data-kb-block=\"kb-adv-heading14_1454a1-70\"] img.kb-inline-image{width:150px;vertical-align:baseline;}<\/style>\n<h2 class=\"kt-adv-heading14_1454a1-70 wp-block-kadence-advancedheading\" data-kb-block=\"kb-adv-heading14_1454a1-70\">Helader\u00eda inspirada en las auroras boreales.<\/h2>\n\n\n<style>.wp-block-kadence-advancedheading.kt-adv-heading14_d269a6-62, .wp-block-kadence-advancedheading.kt-adv-heading14_d269a6-62[data-kb-block=\"kb-adv-heading14_d269a6-62\"]{text-align:center;font-size:var(--global-kb-font-size-md, 1.25rem);font-style:normal;}.wp-block-kadence-advancedheading.kt-adv-heading14_d269a6-62 mark.kt-highlight, .wp-block-kadence-advancedheading.kt-adv-heading14_d269a6-62[data-kb-block=\"kb-adv-heading14_d269a6-62\"] mark.kt-highlight{font-style:normal;color:#f76a0c;-webkit-box-decoration-break:clone;box-decoration-break:clone;padding-top:0px;padding-right:0px;padding-bottom:0px;padding-left:0px;}.wp-block-kadence-advancedheading.kt-adv-heading14_d269a6-62 img.kb-inline-image, .wp-block-kadence-advancedheading.kt-adv-heading14_d269a6-62[data-kb-block=\"kb-adv-heading14_d269a6-62\"] img.kb-inline-image{width:150px;vertical-align:baseline;}<\/style>\n<h2 class=\"kt-adv-heading14_d269a6-62 wp-block-kadence-advancedheading\" data-kb-block=\"kb-adv-heading14_d269a6-62\">Donde todo es delicioso y est\u00e1 dise\u00f1ado. Ubicado en el coraz\u00f3n de Fuengirola, Los Pacos.<\/h2>\n\n\n<style>.wp-block-kadence-advancedbtn.kb-btns14_689646-97{gap:var(--global-kb-gap-xs, 0.5rem );justify-content:center;align-items:center;}.kt-btns14_689646-97 .kt-button{font-weight:normal;font-style:normal;}.kt-btns14_689646-97 .kt-btn-wrap-0{margin-right:5px;}.wp-block-kadence-advancedbtn.kt-btns14_689646-97 .kt-btn-wrap-0 .kt-button{color:#555555;border-color:#555555;}.wp-block-kadence-advancedbtn.kt-btns14_689646-97 .kt-btn-wrap-0 .kt-button:hover, .wp-block-kadence-advancedbtn.kt-btns14_689646-97 .kt-btn-wrap-0 .kt-button:focus{color:#ffffff;border-color:#444444;}.wp-block-kadence-advancedbtn.kt-btns14_689646-97 .kt-btn-wrap-0 .kt-button::before{display:none;}.wp-block-kadence-advancedbtn.kt-btns14_689646-97 .kt-btn-wrap-0 .kt-button:hover, .wp-block-kadence-advancedbtn.kt-btns14_689646-97 .kt-btn-wrap-0 .kt-button:focus{background:#444444;}<\/style>\n<div class=\"wp-block-kadence-advancedbtn kb-buttons-wrap kb-btns14_689646-97\"><style>.wp-block-kadence-advancedbtn .kb-btn14_ea3102-ad.kb-button, ul.menu .wp-block-kadence-advancedbtn .kb-btn14_ea3102-ad.kb-button{width:600px;}.wp-block-kadence-advancedbtn .kb-btn14_ea3102-ad.kb-button{color:#000000;background:#d32764;font-family:Arial, Helvetica, sans-serif;}.wp-block-kadence-advancedbtn .kb-btn14_ea3102-ad.kb-button:hover, .wp-block-kadence-advancedbtn .kb-btn14_ea3102-ad.kb-button:focus{color:#000000;background:#d32764;}@media all and (max-width: 767px){.wp-block-kadence-advancedbtn .kb-btn14_ea3102-ad.kb-button, ul.menu .wp-block-kadence-advancedbtn .kb-btn14_ea3102-ad.kb-button{width:316px;}}<\/style><a class=\"kb-button kt-button button kb-btn14_ea3102-ad kt-btn-size-standard kt-btn-width-type-fixed kb-btn-global-outline  kt-btn-has-text-true kt-btn-has-svg-true  wp-block-kadence-singlebtn\" href=\"https:\/\/www.google.com\/maps?gs_lcrp=EgZjaHJvbWUqBggAEEUYOzIGCAAQRRg7MgYIARBFGDwyCAgCEEUYJxg7Mg8IAxAuGA0YrwEYxwEYgAQyCAgEEAAYDRgeMgoIBRAAGIAEGKIEMgYIBhBFGDwyBggHEEUYPNIBCDIzMjlqMGo3qAIAsAIA&#038;um=1&#038;ie=UTF-8&#038;fb=1&#038;gl=es&#038;sa=X&#038;geocode=Kdl3m34A43INMeO_qRE-fai7&#038;daddr=Plaza+Suomi,+Av.+Finlandia,+local+4b,+29640+Fuengirola,+M%C3%A1laga\"><span class=\"kt-btn-inner-text\">No olvides visitarnos <\/span><span class=\"kb-svg-icon-wrap kb-svg-icon-fas_map-pin kt-btn-icon-side-right\"><svg viewBox=\"0 0 288 512\"  fill=\"currentColor\" xmlns=\"http:\/\/www.w3.org\/2000\/svg\"  aria-hidden=\"true\"><path d=\"M112 316.94v156.69l22.02 33.02c4.75 7.12 15.22 7.12 19.97 0L176 473.63V316.94c-10.39 1.92-21.06 3.06-32 3.06s-21.61-1.14-32-3.06zM144 0C64.47 0 0 64.47 0 144s64.47 144 144 144 144-64.47 144-144S223.53 0 144 0zm0 76c-37.5 0-68 30.5-68 68 0 6.62-5.38 12-12 12s-12-5.38-12-12c0-50.73 41.28-92 92-92 6.62 0 12 5.38 12 12s-5.38 12-12 12z\"\/><\/svg><\/span><\/a><\/div>\n<\/div><\/div>\n\n\n\n<div class=\"wp-block-cover is-light\" style=\"margin-top:-35px;min-height:1000px;aspect-ratio:unset;\"><img loading=\"lazy\" decoding=\"async\" width=\"1024\" height=\"683\" class=\"wp-block-cover__image-background wp-image-653 size-large\" alt=\"\" src=\"https:\/\/northernlightsheladeria.es\/wp-content\/uploads\/2026\/03\/pink-wood-plank-texture-background-1024x683.jpg\" data-object-fit=\"cover\" srcset=\"https:\/\/northernlightsheladeria.es\/wp-content\/uploads\/2026\/03\/pink-wood-plank-texture-background-1024x683.jpg 1024w, https:\/\/northernlightsheladeria.es\/wp-content\/uploads\/2026\/03\/pink-wood-plank-texture-background-300x200.jpg 300w, https:\/\/northernlightsheladeria.es\/wp-content\/uploads\/2026\/03\/pink-wood-plank-texture-background-768x512.jpg 768w, https:\/\/northernlightsheladeria.es\/wp-content\/uploads\/2026\/03\/pink-wood-plank-texture-background-1536x1024.jpg 1536w, https:\/\/northernlightsheladeria.es\/wp-content\/uploads\/2026\/03\/pink-wood-plank-texture-background-2048x1365.jpg 2048w, https:\/\/northernlightsheladeria.es\/wp-content\/uploads\/2026\/03\/pink-wood-plank-texture-background-18x12.jpg 18w\" sizes=\"auto, (max-width: 1024px) 100vw, 1024px\" \/><span aria-hidden=\"true\" class=\"wp-block-cover__background has-background-dim\" style=\"background-color:#f8d3db\"><\/span><div class=\"wp-block-cover__inner-container is-layout-constrained wp-block-cover-is-layout-constrained\"><style>.wp-block-kadence-advancedheading.kt-adv-heading14_75f50c-85, .wp-block-kadence-advancedheading.kt-adv-heading14_75f50c-85[data-kb-block=\"kb-adv-heading14_75f50c-85\"]{text-align:center;font-size:var(--global-kb-font-size-xxl, 4rem);font-weight:400;font-style:normal;font-family:'Titan One';}.wp-block-kadence-advancedheading.kt-adv-heading14_75f50c-85 mark.kt-highlight, .wp-block-kadence-advancedheading.kt-adv-heading14_75f50c-85[data-kb-block=\"kb-adv-heading14_75f50c-85\"] mark.kt-highlight{font-style:normal;color:#f76a0c;-webkit-box-decoration-break:clone;box-decoration-break:clone;padding-top:0px;padding-right:0px;padding-bottom:0px;padding-left:0px;}.wp-block-kadence-advancedheading.kt-adv-heading14_75f50c-85 img.kb-inline-image, .wp-block-kadence-advancedheading.kt-adv-heading14_75f50c-85[data-kb-block=\"kb-adv-heading14_75f50c-85\"] img.kb-inline-image{width:150px;vertical-align:baseline;}<\/style>\n<h2 class=\"kt-adv-heading14_75f50c-85 wp-block-kadence-advancedheading\" data-kb-block=\"kb-adv-heading14_75f50c-85\">Fuengirola<\/h2>\n\n\n\n<div class=\"wp-block-columns is-layout-flex wp-container-core-columns-is-layout-9d6595d7 wp-block-columns-is-layout-flex\">\n<div class=\"wp-block-column is-layout-flow wp-block-column-is-layout-flow\"><style>.kb-image14_6e362d-da .kb-image-has-overlay:after{opacity:0.3;border-top-left-radius:150px;border-top-right-radius:150px;border-bottom-right-radius:150px;border-bottom-left-radius:150px;}.kb-image14_6e362d-da img.kb-img, .kb-image14_6e362d-da .kb-img img{border-top-left-radius:150px;border-top-right-radius:150px;border-bottom-right-radius:150px;border-bottom-left-radius:150px;}<\/style>\n<figure class=\"wp-block-kadence-image kb-image14_6e362d-da size-full kb-image-is-ratio-size\"><div class=\"kb-is-ratio-image kb-image-ratio-land43\"><img loading=\"lazy\" decoding=\"async\" width=\"936\" height=\"1020\" src=\"https:\/\/northernlightsheladeria.es\/wp-content\/uploads\/2026\/03\/unnamed-44-1.webp\" alt=\"\" class=\"kb-img wp-image-1070\" srcset=\"https:\/\/northernlightsheladeria.es\/wp-content\/uploads\/2026\/03\/unnamed-44-1.webp 936w, https:\/\/northernlightsheladeria.es\/wp-content\/uploads\/2026\/03\/unnamed-44-1-275x300.webp 275w, https:\/\/northernlightsheladeria.es\/wp-content\/uploads\/2026\/03\/unnamed-44-1-768x837.webp 768w, https:\/\/northernlightsheladeria.es\/wp-content\/uploads\/2026\/03\/unnamed-44-1-11x12.webp 11w\" sizes=\"auto, (max-width: 936px) 100vw, 936px\" \/><\/div><\/figure>\n<\/div>\n\n\n\n<div class=\"wp-block-column is-vertically-aligned-center is-layout-flow wp-block-column-is-layout-flow\">\n<div class=\"wp-block-group\"><div class=\"wp-block-group__inner-container is-layout-constrained wp-block-group-is-layout-constrained\"><style>.wp-block-kadence-advancedheading.kt-adv-heading14_9bd3e9-28, .wp-block-kadence-advancedheading.kt-adv-heading14_9bd3e9-28[data-kb-block=\"kb-adv-heading14_9bd3e9-28\"]{text-align:center;font-size:var(--global-kb-font-size-md, 1.25rem);font-style:normal;font-family:Arial, Helvetica, sans-serif;color:#000000;}.wp-block-kadence-advancedheading.kt-adv-heading14_9bd3e9-28 mark.kt-highlight, .wp-block-kadence-advancedheading.kt-adv-heading14_9bd3e9-28[data-kb-block=\"kb-adv-heading14_9bd3e9-28\"] mark.kt-highlight{font-style:normal;color:#f76a0c;-webkit-box-decoration-break:clone;box-decoration-break:clone;padding-top:0px;padding-right:0px;padding-bottom:0px;padding-left:0px;}.wp-block-kadence-advancedheading.kt-adv-heading14_9bd3e9-28 img.kb-inline-image, .wp-block-kadence-advancedheading.kt-adv-heading14_9bd3e9-28[data-kb-block=\"kb-adv-heading14_9bd3e9-28\"] img.kb-inline-image{width:150px;vertical-align:baseline;}<\/style>\n<p class=\"kt-adv-heading14_9bd3e9-28 wp-block-kadence-advancedheading\" data-kb-block=\"kb-adv-heading14_9bd3e9-28\"><strong>Ubicada en el coraz\u00f3n de Fuengirola, Northern Lights Helader\u00eda y Cafeter\u00eda abre sus puertas de Lunes a domingo para que disfrutes del mejor helado y caf\u00e9 de especialidad. Nuestro men\u00fa incluye nuestros sabores cl\u00e1sicos imprescindibles, adem\u00e1s de creaciones artesanas que rotan semanalmente, copas de helado (sundaes) que reflejan lo que nos inspira en este momento y una selecci\u00f3n de tarrinas para llevar. \u00a1Visita nuestro Instagram, @northernlightsheladeria, para descubrir los especiales del d\u00eda!<\/strong><\/p>\n\n\n<style>.wp-block-kadence-advancedheading.kt-adv-heading14_3cab06-46, .wp-block-kadence-advancedheading.kt-adv-heading14_3cab06-46[data-kb-block=\"kb-adv-heading14_3cab06-46\"]{text-align:center;font-size:var(--global-kb-font-size-md, 1.25rem);font-style:normal;font-family:Arial, Helvetica, sans-serif;color:#000000;}.wp-block-kadence-advancedheading.kt-adv-heading14_3cab06-46 mark.kt-highlight, .wp-block-kadence-advancedheading.kt-adv-heading14_3cab06-46[data-kb-block=\"kb-adv-heading14_3cab06-46\"] mark.kt-highlight{font-style:normal;color:#f76a0c;-webkit-box-decoration-break:clone;box-decoration-break:clone;padding-top:0px;padding-right:0px;padding-bottom:0px;padding-left:0px;}.wp-block-kadence-advancedheading.kt-adv-heading14_3cab06-46 img.kb-inline-image, .wp-block-kadence-advancedheading.kt-adv-heading14_3cab06-46[data-kb-block=\"kb-adv-heading14_3cab06-46\"] img.kb-inline-image{width:150px;vertical-align:baseline;}<\/style>\n<p class=\"kt-adv-heading14_3cab06-46 wp-block-kadence-advancedheading\" data-kb-block=\"kb-adv-heading14_3cab06-46\">Si es tu primera visita, no te pierdas nuestro Affogato de la casa: una combinaci\u00f3n perfecta de tu helado favorito ba\u00f1ado en espresso caliente, coronado con siropes artesanales, un toque crujiente y nata montada. Evitando la filosof\u00eda de \u00abmenos es m\u00e1s\u00bb, nuestras creaciones se enorgullecen de ser espectaculares: \u00abExtra cremosas, extra dulces, extra ricas, extra frescas y extra crujientes. En definitiva, una experiencia que tienes que probar\u00bb.<\/p>\n<\/div><\/div>\n<\/div>\n<\/div>\n<\/div><\/div>\n","protected":false},"excerpt":{"rendered":"","protected":false},"author":1,"featured_media":283,"parent":0,"menu_order":0,"comment_status":"closed","ping_status":"closed","template":"","meta":{"_kad_post_transparent":"disable","_kad_post_title":"hide","_kad_post_layout":"fullwidth","_kad_post_sidebar_id":"","_kad_post_content_style":"unboxed","_kad_post_vertical_padding":"hide","_kad_post_feature":"hide","_kad_post_feature_position":"","_kad_post_header":false,"_kad_post_footer":false,"_kad_post_classname":"","footnotes":""},"class_list":["post-14","page","type-page","status-publish","has-post-thumbnail","hentry"],"yoast_head":"<!-- This site is optimized with the Yoast SEO plugin v27.5 - https:\/\/yoast.com\/product\/yoast-seo-wordpress\/ -->\n<title>Nuestra Historia | Northern Lights Helader\u00eda<\/title>\n<meta name=\"description\" content=\"Descubre la historia detr\u00e1s de Northern Lights Helader\u00eda. Conoce a nuestro equipo, nuestra filosof\u00eda y la pasi\u00f3n con la que creamos cada sabor.\" \/>\n<meta name=\"robots\" content=\"index, follow, max-snippet:-1, max-image-preview:large, max-video-preview:-1\" \/>\n<link rel=\"canonical\" href=\"https:\/\/northernlightsheladeria.es\/en\/sobre-nosotros\/\" \/>\n<meta property=\"og:locale\" content=\"en_GB\" \/>\n<meta property=\"og:type\" content=\"article\" \/>\n<meta property=\"og:title\" content=\"Nuestra Historia | Northern Lights Helader\u00eda\" \/>\n<meta property=\"og:description\" content=\"Descubre la historia detr\u00e1s de Northern Lights Helader\u00eda. Conoce a nuestro equipo, nuestra filosof\u00eda y la pasi\u00f3n con la que creamos cada sabor.\" \/>\n<meta property=\"og:url\" content=\"https:\/\/northernlightsheladeria.es\/en\/sobre-nosotros\/\" \/>\n<meta property=\"og:site_name\" content=\"Northern Lights Helader\u00eda\" \/>\n<meta property=\"article:modified_time\" content=\"2026-03-21T23:20:13+00:00\" \/>\n<meta property=\"og:image\" content=\"https:\/\/northernlightsheladeria.es\/wp-content\/uploads\/2026\/03\/cropped-Captura_de_pantalla_2026-03-05_190016-removebg-preview-2.png\" \/>\n\t<meta property=\"og:image:width\" content=\"451\" \/>\n\t<meta property=\"og:image:height\" content=\"553\" \/>\n\t<meta property=\"og:image:type\" content=\"image\/png\" \/>\n<meta name=\"twitter:card\" content=\"summary_large_image\" \/>\n<meta name=\"twitter:label1\" content=\"Estimated reading time\" \/>\n\t<meta name=\"twitter:data1\" content=\"2 minutes\" \/>\n<script type=\"application\/ld+json\" class=\"yoast-schema-graph\">{\"@context\":\"https:\\\/\\\/schema.org\",\"@graph\":[{\"@type\":\"WebPage\",\"@id\":\"https:\\\/\\\/northernlightsheladeria.es\\\/en\\\/sobre-nosotros\\\/\",\"url\":\"https:\\\/\\\/northernlightsheladeria.es\\\/en\\\/sobre-nosotros\\\/\",\"name\":\"Nuestra Historia | Northern Lights Helader\u00eda\",\"isPartOf\":{\"@id\":\"https:\\\/\\\/lavender-goose-337645.hostingersite.com\\\/#website\"},\"primaryImageOfPage\":{\"@id\":\"https:\\\/\\\/northernlightsheladeria.es\\\/en\\\/sobre-nosotros\\\/#primaryimage\"},\"image\":{\"@id\":\"https:\\\/\\\/northernlightsheladeria.es\\\/en\\\/sobre-nosotros\\\/#primaryimage\"},\"thumbnailUrl\":\"https:\\\/\\\/northernlightsheladeria.es\\\/wp-content\\\/uploads\\\/2026\\\/03\\\/cropped-Captura_de_pantalla_2026-03-05_190016-removebg-preview-2.png\",\"datePublished\":\"2026-03-05T18:03:31+00:00\",\"dateModified\":\"2026-03-21T23:20:13+00:00\",\"description\":\"Descubre la historia detr\u00e1s de Northern Lights Helader\u00eda. Conoce a nuestro equipo, nuestra filosof\u00eda y la pasi\u00f3n con la que creamos cada sabor.\",\"breadcrumb\":{\"@id\":\"https:\\\/\\\/northernlightsheladeria.es\\\/en\\\/sobre-nosotros\\\/#breadcrumb\"},\"inLanguage\":\"en-GB\",\"potentialAction\":[{\"@type\":\"ReadAction\",\"target\":[\"https:\\\/\\\/northernlightsheladeria.es\\\/en\\\/sobre-nosotros\\\/\"]}]},{\"@type\":\"ImageObject\",\"inLanguage\":\"en-GB\",\"@id\":\"https:\\\/\\\/northernlightsheladeria.es\\\/en\\\/sobre-nosotros\\\/#primaryimage\",\"url\":\"https:\\\/\\\/northernlightsheladeria.es\\\/wp-content\\\/uploads\\\/2026\\\/03\\\/cropped-Captura_de_pantalla_2026-03-05_190016-removebg-preview-2.png\",\"contentUrl\":\"https:\\\/\\\/northernlightsheladeria.es\\\/wp-content\\\/uploads\\\/2026\\\/03\\\/cropped-Captura_de_pantalla_2026-03-05_190016-removebg-preview-2.png\",\"width\":451,\"height\":553},{\"@type\":\"BreadcrumbList\",\"@id\":\"https:\\\/\\\/northernlightsheladeria.es\\\/en\\\/sobre-nosotros\\\/#breadcrumb\",\"itemListElement\":[{\"@type\":\"ListItem\",\"position\":1,\"name\":\"Portada\",\"item\":\"https:\\\/\\\/lavender-goose-337645.hostingersite.com\\\/\"},{\"@type\":\"ListItem\",\"position\":2,\"name\":\"Sobre Nosotros\"}]},{\"@type\":\"WebSite\",\"@id\":\"https:\\\/\\\/lavender-goose-337645.hostingersite.com\\\/#website\",\"url\":\"https:\\\/\\\/lavender-goose-337645.hostingersite.com\\\/\",\"name\":\"Northern Lights Helader\u00eda\",\"description\":\"\",\"publisher\":{\"@id\":\"https:\\\/\\\/lavender-goose-337645.hostingersite.com\\\/#organization\"},\"potentialAction\":[{\"@type\":\"SearchAction\",\"target\":{\"@type\":\"EntryPoint\",\"urlTemplate\":\"https:\\\/\\\/lavender-goose-337645.hostingersite.com\\\/?s={search_term_string}\"},\"query-input\":{\"@type\":\"PropertyValueSpecification\",\"valueRequired\":true,\"valueName\":\"search_term_string\"}}],\"inLanguage\":\"en-GB\"},{\"@type\":\"Organization\",\"@id\":\"https:\\\/\\\/lavender-goose-337645.hostingersite.com\\\/#organization\",\"name\":\"Northern Lights Helader\u00eda\",\"url\":\"https:\\\/\\\/lavender-goose-337645.hostingersite.com\\\/\",\"logo\":{\"@type\":\"ImageObject\",\"inLanguage\":\"en-GB\",\"@id\":\"https:\\\/\\\/lavender-goose-337645.hostingersite.com\\\/#\\\/schema\\\/logo\\\/image\\\/\",\"url\":\"https:\\\/\\\/northernlightsheladeria.es\\\/wp-content\\\/uploads\\\/2026\\\/03\\\/cropped-ChatGPT-Image-20-mar-2026-18_06_06.png\",\"contentUrl\":\"https:\\\/\\\/northernlightsheladeria.es\\\/wp-content\\\/uploads\\\/2026\\\/03\\\/cropped-ChatGPT-Image-20-mar-2026-18_06_06.png\",\"width\":1023,\"height\":1535,\"caption\":\"Northern Lights Helader\u00eda\"},\"image\":{\"@id\":\"https:\\\/\\\/lavender-goose-337645.hostingersite.com\\\/#\\\/schema\\\/logo\\\/image\\\/\"}}]}<\/script>\n<!-- \/ Yoast SEO plugin. -->","yoast_head_json":{"title":"Nuestra Historia | Northern Lights Helader\u00eda","description":"Descubre la historia detr\u00e1s de Northern Lights Helader\u00eda. Conoce a nuestro equipo, nuestra filosof\u00eda y la pasi\u00f3n con la que creamos cada sabor.","robots":{"index":"index","follow":"follow","max-snippet":"max-snippet:-1","max-image-preview":"max-image-preview:large","max-video-preview":"max-video-preview:-1"},"canonical":"https:\/\/northernlightsheladeria.es\/en\/sobre-nosotros\/","og_locale":"en_GB","og_type":"article","og_title":"Nuestra Historia | Northern Lights Helader\u00eda","og_description":"Descubre la historia detr\u00e1s de Northern Lights Helader\u00eda. Conoce a nuestro equipo, nuestra filosof\u00eda y la pasi\u00f3n con la que creamos cada sabor.","og_url":"https:\/\/northernlightsheladeria.es\/en\/sobre-nosotros\/","og_site_name":"Northern Lights Helader\u00eda","article_modified_time":"2026-03-21T23:20:13+00:00","og_image":[{"width":451,"height":553,"url":"https:\/\/northernlightsheladeria.es\/wp-content\/uploads\/2026\/03\/cropped-Captura_de_pantalla_2026-03-05_190016-removebg-preview-2.png","type":"image\/png"}],"twitter_card":"summary_large_image","twitter_misc":{"Estimated reading time":"2 minutes"},"schema":{"@context":"https:\/\/schema.org","@graph":[{"@type":"WebPage","@id":"https:\/\/northernlightsheladeria.es\/en\/sobre-nosotros\/","url":"https:\/\/northernlightsheladeria.es\/en\/sobre-nosotros\/","name":"Nuestra Historia | Northern Lights Helader\u00eda","isPartOf":{"@id":"https:\/\/lavender-goose-337645.hostingersite.com\/#website"},"primaryImageOfPage":{"@id":"https:\/\/northernlightsheladeria.es\/en\/sobre-nosotros\/#primaryimage"},"image":{"@id":"https:\/\/northernlightsheladeria.es\/en\/sobre-nosotros\/#primaryimage"},"thumbnailUrl":"https:\/\/northernlightsheladeria.es\/wp-content\/uploads\/2026\/03\/cropped-Captura_de_pantalla_2026-03-05_190016-removebg-preview-2.png","datePublished":"2026-03-05T18:03:31+00:00","dateModified":"2026-03-21T23:20:13+00:00","description":"Descubre la historia detr\u00e1s de Northern Lights Helader\u00eda. Conoce a nuestro equipo, nuestra filosof\u00eda y la pasi\u00f3n con la que creamos cada sabor.","breadcrumb":{"@id":"https:\/\/northernlightsheladeria.es\/en\/sobre-nosotros\/#breadcrumb"},"inLanguage":"en-GB","potentialAction":[{"@type":"ReadAction","target":["https:\/\/northernlightsheladeria.es\/en\/sobre-nosotros\/"]}]},{"@type":"ImageObject","inLanguage":"en-GB","@id":"https:\/\/northernlightsheladeria.es\/en\/sobre-nosotros\/#primaryimage","url":"https:\/\/northernlightsheladeria.es\/wp-content\/uploads\/2026\/03\/cropped-Captura_de_pantalla_2026-03-05_190016-removebg-preview-2.png","contentUrl":"https:\/\/northernlightsheladeria.es\/wp-content\/uploads\/2026\/03\/cropped-Captura_de_pantalla_2026-03-05_190016-removebg-preview-2.png","width":451,"height":553},{"@type":"BreadcrumbList","@id":"https:\/\/northernlightsheladeria.es\/en\/sobre-nosotros\/#breadcrumb","itemListElement":[{"@type":"ListItem","position":1,"name":"Portada","item":"https:\/\/lavender-goose-337645.hostingersite.com\/"},{"@type":"ListItem","position":2,"name":"Sobre Nosotros"}]},{"@type":"WebSite","@id":"https:\/\/lavender-goose-337645.hostingersite.com\/#website","url":"https:\/\/lavender-goose-337645.hostingersite.com\/","name":"Northern Lights Ice Cream Parlour","description":"","publisher":{"@id":"https:\/\/lavender-goose-337645.hostingersite.com\/#organization"},"potentialAction":[{"@type":"SearchAction","target":{"@type":"EntryPoint","urlTemplate":"https:\/\/lavender-goose-337645.hostingersite.com\/?s={search_term_string}"},"query-input":{"@type":"PropertyValueSpecification","valueRequired":true,"valueName":"search_term_string"}}],"inLanguage":"en-GB"},{"@type":"Organization","@id":"https:\/\/lavender-goose-337645.hostingersite.com\/#organization","name":"Northern Lights Ice Cream Parlour","url":"https:\/\/lavender-goose-337645.hostingersite.com\/","logo":{"@type":"ImageObject","inLanguage":"en-GB","@id":"https:\/\/lavender-goose-337645.hostingersite.com\/#\/schema\/logo\/image\/","url":"https:\/\/northernlightsheladeria.es\/wp-content\/uploads\/2026\/03\/cropped-ChatGPT-Image-20-mar-2026-18_06_06.png","contentUrl":"https:\/\/northernlightsheladeria.es\/wp-content\/uploads\/2026\/03\/cropped-ChatGPT-Image-20-mar-2026-18_06_06.png","width":1023,"height":1535,"caption":"Northern Lights Helader\u00eda"},"image":{"@id":"https:\/\/lavender-goose-337645.hostingersite.com\/#\/schema\/logo\/image\/"}}]}},"_hostinger_reach_plugin_has_subscription_block":false,"_hostinger_reach_plugin_is_elementor":false,"_links":{"self":[{"href":"https:\/\/northernlightsheladeria.es\/en\/wp-json\/wp\/v2\/pages\/14","targetHints":{"allow":["GET"]}}],"collection":[{"href":"https:\/\/northernlightsheladeria.es\/en\/wp-json\/wp\/v2\/pages"}],"about":[{"href":"https:\/\/northernlightsheladeria.es\/en\/wp-json\/wp\/v2\/types\/page"}],"author":[{"embeddable":true,"href":"https:\/\/northernlightsheladeria.es\/en\/wp-json\/wp\/v2\/users\/1"}],"replies":[{"embeddable":true,"href":"https:\/\/northernlightsheladeria.es\/en\/wp-json\/wp\/v2\/comments?post=14"}],"version-history":[{"count":23,"href":"https:\/\/northernlightsheladeria.es\/en\/wp-json\/wp\/v2\/pages\/14\/revisions"}],"predecessor-version":[{"id":1238,"href":"https:\/\/northernlightsheladeria.es\/en\/wp-json\/wp\/v2\/pages\/14\/revisions\/1238"}],"wp:featuredmedia":[{"embeddable":true,"href":"https:\/\/northernlightsheladeria.es\/en\/wp-json\/wp\/v2\/media\/283"}],"wp:attachment":[{"href":"https:\/\/northernlightsheladeria.es\/en\/wp-json\/wp\/v2\/media?parent=14"}],"curies":[{"name":"wp","href":"https:\/\/api.w.org\/{rel}","templated":true}]}}